{"id":1908,"date":"2026-02-18T09:09:59","date_gmt":"2026-02-18T08:09:59","guid":{"rendered":"https:\/\/jovegroup.com\/legal-notice\/"},"modified":"2026-04-28T09:37:15","modified_gmt":"2026-04-28T07:37:15","slug":"legal-notice","status":"publish","type":"page","link":"https:\/\/jovegroup.com\/en\/legal-notice\/","title":{"rendered":"Legal notice"},"content":{"rendered":"\t\t<div data-elementor-type=\"wp-page\" data-elementor-id=\"1908\" class=\"elementor elementor-1908 elementor-182\" data-elementor-post-type=\"page\">\n\t\t\t\t<div class=\"elementor-element elementor-element-528e9283 e-con-full e-flex e-con e-parent\" data-id=\"528e9283\" data-element_type=\"container\" data-e-type=\"container\">\n\t\t<div class=\"elementor-element elementor-element-52e70f9b e-con-full e-flex e-con e-child\" data-id=\"52e70f9b\" data-element_type=\"container\" data-e-type=\"container\" data-settings=\"{&quot;sticky&quot;:&quot;top&quot;,&quot;sticky_offset&quot;:170,&quot;sticky_parent&quot;:&quot;yes&quot;,&quot;sticky_on&quot;:[&quot;desktop&quot;,&quot;tablet&quot;,&quot;mobile&quot;],&quot;sticky_effects_offset&quot;:0,&quot;sticky_anchor_link_offset&quot;:0}\">\n\t\t\t\t<div class=\"elementor-element elementor-element-507f808 elementor-toc--minimized-on-tablet elementor-widget elementor-widget-table-of-contents\" data-id=\"507f808\" data-element_type=\"widget\" data-e-type=\"widget\" data-settings=\"{&quot;headings_by_tags&quot;:[&quot;h2&quot;,&quot;h3&quot;],&quot;exclude_headings_by_selector&quot;:[],&quot;no_headings_message&quot;:&quot;No se ha encontrado ning\\u00fan encabezado en esta p\\u00e1gina.&quot;,&quot;min_height&quot;:{&quot;unit&quot;:&quot;vh&quot;,&quot;size&quot;:100,&quot;sizes&quot;:[]},&quot;min_height_tablet&quot;:{&quot;unit&quot;:&quot;vh&quot;,&quot;size&quot;:&quot;&quot;,&quot;sizes&quot;:[]},&quot;min_height_mobile&quot;:{&quot;unit&quot;:&quot;vh&quot;,&quot;size&quot;:&quot;&quot;,&quot;sizes&quot;:[]},&quot;marker_view&quot;:&quot;numbers&quot;,&quot;minimize_box&quot;:&quot;yes&quot;,&quot;minimized_on&quot;:&quot;tablet&quot;,&quot;hierarchical_view&quot;:&quot;yes&quot;}\" data-widget_type=\"table-of-contents.default\">\n\t\t\t\t\t\t\t\t\t<div class=\"elementor-toc__header\">\n\t\t\t\t\t\t<h4 class=\"elementor-toc__header-title\">\n\t\t\t\tTable of contents\t\t\t<\/h4>\n\t\t\t\t\t\t\t\t\t\t<div class=\"elementor-toc__toggle-button elementor-toc__toggle-button--expand\" role=\"button\" tabindex=\"0\" aria-controls=\"elementor-toc__507f808\" aria-expanded=\"true\" aria-label=\"Open table of contents\"><svg aria-hidden=\"true\" class=\"e-font-icon-svg e-fas-chevron-down\" viewBox=\"0 0 448 512\" xmlns=\"http:\/\/www.w3.org\/2000\/svg\"><path d=\"M207.029 381.476L12.686 187.132c-9.373-9.373-9.373-24.569 0-33.941l22.667-22.667c9.357-9.357 24.522-9.375 33.901-.04L224 284.505l154.745-154.021c9.379-9.335 24.544-9.317 33.901.04l22.667 22.667c9.373 9.373 9.373 24.569 0 33.941L240.971 381.476c-9.373 9.372-24.569 9.372-33.942 0z\"><\/path><\/svg><\/div>\n\t\t\t\t<div class=\"elementor-toc__toggle-button elementor-toc__toggle-button--collapse\" role=\"button\" tabindex=\"0\" aria-controls=\"elementor-toc__507f808\" aria-expanded=\"true\" aria-label=\"Close table of contents\"><svg aria-hidden=\"true\" class=\"e-font-icon-svg e-fas-chevron-up\" viewBox=\"0 0 448 512\" xmlns=\"http:\/\/www.w3.org\/2000\/svg\"><path d=\"M240.971 130.524l194.343 194.343c9.373 9.373 9.373 24.569 0 33.941l-22.667 22.667c-9.357 9.357-24.522 9.375-33.901.04L224 227.495 69.255 381.516c-9.379 9.335-24.544 9.317-33.901-.04l-22.667-22.667c-9.373-9.373-9.373-24.569 0-33.941L207.03 130.525c9.372-9.373 24.568-9.373 33.941-.001z\"><\/path><\/svg><\/div>\n\t\t\t\t\t<\/div>\n\t\t\t\t<div id=\"elementor-toc__507f808\" class=\"elementor-toc__body\">\n\t\t\t<div class=\"elementor-toc__spinner-container\">\n\t\t\t\t<svg class=\"elementor-toc__spinner eicon-animation-spin e-font-icon-svg e-eicon-loading\" aria-hidden=\"true\" viewBox=\"0 0 1000 1000\" xmlns=\"http:\/\/www.w3.org\/2000\/svg\"><path d=\"M500 975V858C696 858 858 696 858 500S696 142 500 142 142 304 142 500H25C25 237 238 25 500 25S975 237 975 500 763 975 500 975Z\"><\/path><\/svg>\t\t\t<\/div>\n\t\t<\/div>\n\t\t\t\t\t\t<\/div>\n\t\t\t\t<\/div>\n\t\t<div class=\"elementor-element elementor-element-a3e0913 e-con-full e-flex e-con e-child\" data-id=\"a3e0913\" data-element_type=\"container\" data-e-type=\"container\">\n\t\t\t\t<div class=\"elementor-element elementor-element-814b7e9 elementor-widget elementor-widget-heading\" data-id=\"814b7e9\" data-element_type=\"widget\" data-e-type=\"widget\" data-widget_type=\"heading.default\">\n\t\t\t\t\t<h1 class=\"elementor-heading-title elementor-size-default\">LEGAL NOTICE<\/h1>\t\t\t\t<\/div>\n\t\t\t\t<div class=\"elementor-element elementor-element-82cfb30 elementor-widget elementor-widget-heading\" data-id=\"82cfb30\" data-element_type=\"widget\" data-e-type=\"widget\" data-widget_type=\"heading.default\">\n\t\t\t\t\t<h2 class=\"elementor-heading-title elementor-size-default\">Users<\/h2>\t\t\t\t<\/div>\n\t\t\t\t<div class=\"elementor-element elementor-element-1cf7499b elementor-widget elementor-widget-text-editor\" data-id=\"1cf7499b\" data-element_type=\"widget\" data-e-type=\"widget\" data-widget_type=\"text-editor.default\">\n\t\t\t\t\t\t\t\t\t<p>El acceso y\/o uso de este portal de FERNANDEZ JOVE, S.A. atribuye la condici\u00f3n de USUARIO, que acepta, desde dicho acceso y\/o uso, las Condiciones Generales de Uso aqu\u00ed reflejadas. Las citadas Condiciones ser\u00e1n de aplicaci\u00f3n independientemente de las Condiciones Generales de Contrataci\u00f3n que en su caso resulten de obligado cumplimiento. <\/p>\t\t\t\t\t\t\t\t<\/div>\n\t\t\t\t<div class=\"elementor-element elementor-element-2dd57829 elementor-widget elementor-widget-heading\" data-id=\"2dd57829\" data-element_type=\"widget\" data-e-type=\"widget\" data-widget_type=\"heading.default\">\n\t\t\t\t\t<h2 class=\"elementor-heading-title elementor-size-default\">Use of the portal<\/h2>\t\t\t\t<\/div>\n\t\t\t\t<div class=\"elementor-element elementor-element-3eea6f4f elementor-widget elementor-widget-text-editor\" data-id=\"3eea6f4f\" data-element_type=\"widget\" data-e-type=\"widget\" data-widget_type=\"text-editor.default\">\n\t\t\t\t\t\t\t\t\t<div class=\"p_r\"><p>jovegroup.com provides access to a wide range of information, services, programmes or data (hereinafter, \u201cthe content\u201d) on the Internet belonging to FERNANDEZ JOVE, S.A. or to its licensors to which the USER may have access.<\/p><p>The USER assumes responsibility for the use of the website. This responsibility extends to any registration required to access certain services or content. When registering, the USER is responsible for providing accurate and lawful information. As a result of this registration, the USER may be provided with a password for which they are responsible, and they undertake to use it diligently and confidentially.   <\/p><p>The USER undertakes to make appropriate use of the content and services that FERNANDEZ JOVE, S.A. may offer via its website and, by way of example but not limited to, not to use them to (i) engage in activities that are unlawful, illegal or contrary to good faith and public order; (ii) disseminating content or propaganda of a racist, xenophobic, illegal pornographic nature, or content that condones terrorism or violates human rights; (iii) causing damage to the physical and logical systems of FERNANDEZ JOVE, S.A., its suppliers or third parties; introducing or spreading computer viruses or any other physical or logical systems capable of causing the aforementioned damage; (iv) attempting to access and, where applicable, use the email accounts of other users and modify or manipulate their messages.    <\/p><p>FERNANDEZ JOVE, S.A. reserves the right to remove any comments or contributions that fail to respect human dignity, or that are discriminatory, xenophobic, racist or pornographic; that are harmful to young people or children; that threaten public order or safety; or that, in its opinion, are unsuitable for publication.<\/p><p>In any event, FERNANDEZ JOVE, S.A. shall not be held liable for the opinions expressed by users via forums, chat rooms or other interactive features.<\/p><\/div>\t\t\t\t\t\t\t\t<\/div>\n\t\t\t\t<div class=\"elementor-element elementor-element-752172da elementor-widget elementor-widget-heading\" data-id=\"752172da\" data-element_type=\"widget\" data-e-type=\"widget\" data-widget_type=\"heading.default\">\n\t\t\t\t\t<h2 class=\"elementor-heading-title elementor-size-default\">Intellectual and industrial property<\/h2>\t\t\t\t<\/div>\n\t\t\t\t<div class=\"elementor-element elementor-element-205d965 elementor-widget elementor-widget-text-editor\" data-id=\"205d965\" data-element_type=\"widget\" data-e-type=\"widget\" data-widget_type=\"text-editor.default\">\n\t\t\t\t\t\t\t\t\t<div class=\"p_r\"><div class=\"p_r\">FERNANDEZ JOVE, S.A., whether as such or in its capacity as assignee, is the owner of all the rights to intellectual and industrial property of its website, as well as those of the elements contained in the same (including headings, descriptive text, images, sound, audio, video, software or text; trademarks or logos, combinations of colours, structure and design, selection of materials used, computer software required for its operation, access and use, etc.) , ownership of FERNANDEZ JOVE, S.A. or alternatively of its licensors. All the rights reserved. <\/div><div> <\/div><div class=\"p_r\">Pursuant to the provisions of Articles 8 and 32(1), second paragraph, of the Intellectual Property Act, the reproduction, distribution and public communication\u2014including making available\u2014of all or part of the content of this website for commercial purposes, in any format and by any technical means, is expressly prohibited without the authorisation of FERNANDEZ JOVE, S.A..<\/div><div> <\/div><div class=\"p_r\">The USER undertakes to respect the intellectual and industrial property rights held by FERNANDEZ JOVE, S.A.. You may view the content of the website and may also print, copy and store it on your computer\u2019s hard drive or on any other physical medium, provided that this is solely and exclusively for your personal and private use. <\/div><div> <\/div><div class=\"p_r\">The USER must not delete, alter, circumvent or tamper with any protection mechanism or security system installed on the FERNANDEZ JOVE, S.A. website.<\/div><\/div>\t\t\t\t\t\t\t\t<\/div>\n\t\t\t\t<div class=\"elementor-element elementor-element-5298740b elementor-widget elementor-widget-heading\" data-id=\"5298740b\" data-element_type=\"widget\" data-e-type=\"widget\" data-widget_type=\"heading.default\">\n\t\t\t\t\t<h2 class=\"elementor-heading-title elementor-size-default\">Addresses IP<\/h2>\t\t\t\t<\/div>\n\t\t\t\t<div class=\"elementor-element elementor-element-356381a7 elementor-widget elementor-widget-text-editor\" data-id=\"356381a7\" data-element_type=\"widget\" data-e-type=\"widget\" data-widget_type=\"text-editor.default\">\n\t\t\t\t\t\t\t\t\t<div class=\"p_r\"><div class=\"p_r\"><div class=\"p_r\">The website\u2019s servers may automatically detect the IP address and domain name used by the user. An IP address is a number automatically assigned to a computer when it connects to the internet. <\/div><div> <\/div><div class=\"p_r\">All this information is recorded in a duly registered server activity log, which enables the subsequent processing of the data for the sole purpose of obtaining statistical measurements that reveal the number of page views, the number of visits to the web services, the order of visits, the point of access, etc.<\/div><\/div><\/div>\t\t\t\t\t\t\t\t<\/div>\n\t\t\t\t<div class=\"elementor-element elementor-element-283d03a4 elementor-widget elementor-widget-heading\" data-id=\"283d03a4\" data-element_type=\"widget\" data-e-type=\"widget\" data-widget_type=\"heading.default\">\n\t\t\t\t\t<h2 class=\"elementor-heading-title elementor-size-default\">Disclaimer of warranties and liability<\/h2>\t\t\t\t<\/div>\n\t\t\t\t<div class=\"elementor-element elementor-element-6bc7845a elementor-widget elementor-widget-text-editor\" data-id=\"6bc7845a\" data-element_type=\"widget\" data-e-type=\"widget\" data-widget_type=\"text-editor.default\">\n\t\t\t\t\t\t\t\t\t<p>FERNANDEZ JOVE, S.A. shall not be held liable, under any circumstances, for any loss or damage of any kind that may arise from, including but not limited to: errors or omissions in the content, the unavailability of the website, or the transmission of viruses or malicious or harmful software via the content, despite having taken all necessary technical measures to prevent this.<\/p>\t\t\t\t\t\t\t\t<\/div>\n\t\t\t\t<div class=\"elementor-element elementor-element-4d8b35eb elementor-widget elementor-widget-heading\" data-id=\"4d8b35eb\" data-element_type=\"widget\" data-e-type=\"widget\" data-widget_type=\"heading.default\">\n\t\t\t\t\t<h2 class=\"elementor-heading-title elementor-size-default\">Amendments<\/h2>\t\t\t\t<\/div>\n\t\t\t\t<div class=\"elementor-element elementor-element-7f1cc7ff elementor-widget elementor-widget-text-editor\" data-id=\"7f1cc7ff\" data-element_type=\"widget\" data-e-type=\"widget\" data-widget_type=\"text-editor.default\">\n\t\t\t\t\t\t\t\t\t<p>FERNANDEZ JOVE, S.A. reserves the right to make any changes it deems appropriate to its website without prior notice, and may alter, remove or add both the content and services provided through the website and the way in which these are presented or located on the site.<\/p>\t\t\t\t\t\t\t\t<\/div>\n\t\t\t\t<div class=\"elementor-element elementor-element-4df50ba0 elementor-widget elementor-widget-heading\" data-id=\"4df50ba0\" data-element_type=\"widget\" data-e-type=\"widget\" data-widget_type=\"heading.default\">\n\t\t\t\t\t<h2 class=\"elementor-heading-title elementor-size-default\">Links<\/h2>\t\t\t\t<\/div>\n\t\t\t\t<div class=\"elementor-element elementor-element-2093f321 elementor-widget elementor-widget-text-editor\" data-id=\"2093f321\" data-element_type=\"widget\" data-e-type=\"widget\" data-widget_type=\"text-editor.default\">\n\t\t\t\t\t\t\t\t\t<p>Should jovegroup.com contain links or hyperlinks to other websites, FERNANDEZ JOVE, S.A. shall not exercise any control over such websites or their content.<\/p><p>Under no circumstances shall FERNANDEZ JOVE, S.A. accept any liability for the content of any link to a third-party website, nor shall it guarantee the technical availability, quality, reliability, accuracy, comprehensiveness, truthfulness, validity or constitutionality of any material or information contained in any such hyperlinks or other websites. Similarly, the inclusion of these external links shall not imply any form of association, merger or partnership with the linked entities. <\/p>\t\t\t\t\t\t\t\t<\/div>\n\t\t\t\t<div class=\"elementor-element elementor-element-c38e524 elementor-widget elementor-widget-heading\" data-id=\"c38e524\" data-element_type=\"widget\" data-e-type=\"widget\" data-widget_type=\"heading.default\">\n\t\t\t\t\t<h2 class=\"elementor-heading-title elementor-size-default\">Right of exclusion<\/h2>\t\t\t\t<\/div>\n\t\t\t\t<div class=\"elementor-element elementor-element-5203997 elementor-widget elementor-widget-text-editor\" data-id=\"5203997\" data-element_type=\"widget\" data-e-type=\"widget\" data-widget_type=\"text-editor.default\">\n\t\t\t\t\t\t\t\t\t<p>FERNANDEZ JOVE, S.A. reserves the right to refuse or withdraw access to the website and\/or the services offered without prior notice, at its own discretion or at the request of a third party, to any users who fail to comply with these General Terms and Conditions of Use.<\/p>\t\t\t\t\t\t\t\t<\/div>\n\t\t\t\t<div class=\"elementor-element elementor-element-1a3b9c8 elementor-widget elementor-widget-heading\" data-id=\"1a3b9c8\" data-element_type=\"widget\" data-e-type=\"widget\" data-widget_type=\"heading.default\">\n\t\t\t\t\t<h2 class=\"elementor-heading-title elementor-size-default\">Overview<\/h2>\t\t\t\t<\/div>\n\t\t\t\t<div class=\"elementor-element elementor-element-c7117c9 elementor-widget elementor-widget-text-editor\" data-id=\"c7117c9\" data-element_type=\"widget\" data-e-type=\"widget\" data-widget_type=\"text-editor.default\">\n\t\t\t\t\t\t\t\t\t<p>FERNANDEZ JOVE, S.A. will take legal action against any breach of these terms and conditions or any misuse of its website, pursuing all civil and criminal remedies available to it under the law.<\/p>\t\t\t\t\t\t\t\t<\/div>\n\t\t\t\t<div class=\"elementor-element elementor-element-cfcc656 elementor-widget elementor-widget-heading\" data-id=\"cfcc656\" data-element_type=\"widget\" data-e-type=\"widget\" data-widget_type=\"heading.default\">\n\t\t\t\t\t<h2 class=\"elementor-heading-title elementor-size-default\">Amendments to these terms and conditions and their duration<\/h2>\t\t\t\t<\/div>\n\t\t\t\t<div class=\"elementor-element elementor-element-e6ad513 elementor-widget elementor-widget-text-editor\" data-id=\"e6ad513\" data-element_type=\"widget\" data-e-type=\"widget\" data-widget_type=\"text-editor.default\">\n\t\t\t\t\t\t\t\t\t<p>FERNANDEZ JOVE, S.A. may amend the terms and conditions set out herein at any time, provided that such amendments are duly published in the manner described herein. The validity of these terms and conditions shall be determined by their publication and shall remain in force until they are replaced by others that have been duly published. <\/p>\t\t\t\t\t\t\t\t<\/div>\n\t\t\t\t<div class=\"elementor-element elementor-element-6e9dce8 elementor-widget elementor-widget-heading\" data-id=\"6e9dce8\" data-element_type=\"widget\" data-e-type=\"widget\" data-widget_type=\"heading.default\">\n\t\t\t\t\t<h2 class=\"elementor-heading-title elementor-size-default\">Security<\/h2>\t\t\t\t<\/div>\n\t\t\t\t<div class=\"elementor-element elementor-element-33aab6f elementor-widget elementor-widget-text-editor\" data-id=\"33aab6f\" data-element_type=\"widget\" data-e-type=\"widget\" data-widget_type=\"text-editor.default\">\n\t\t\t\t\t\t\t\t\t<div><p class=\"LO-Normal1\">The website uses information security techniques that are generally accepted within the industry, such as firewalls, access control procedures and cryptographic mechanisms, all with the aim of preventing unauthorised access to data. To this end, the user\/customer agrees that the provider may collect data for the purposes of authenticating access controls. <\/p><\/div><div><p class=\"LO-Normal1\">Any process involving the collection of personal data of a sensitive nature (such as health or political views) will always be transmitted via a secure communication protocol (https:\/\/, etc.), ensuring that no third party has access to the information transmitted electronically.<\/p><\/div>\t\t\t\t\t\t\t\t<\/div>\n\t\t\t\t<div class=\"elementor-element elementor-element-b3e18a8 elementor-widget elementor-widget-heading\" data-id=\"b3e18a8\" data-element_type=\"widget\" data-e-type=\"widget\" data-widget_type=\"heading.default\">\n\t\t\t\t\t<h2 class=\"elementor-heading-title elementor-size-default\">Applicable law and jurisdiction<\/h2>\t\t\t\t<\/div>\n\t\t\t\t<div class=\"elementor-element elementor-element-1b98b524 elementor-widget elementor-widget-text-editor\" data-id=\"1b98b524\" data-element_type=\"widget\" data-e-type=\"widget\" data-widget_type=\"text-editor.default\">\n\t\t\t\t\t\t\t\t\t<p>The relationship between FERNANDEZ JOVE, S.A. and the USER shall be governed by current Spanish legislation, and any dispute shall be submitted to the relevant courts and tribunals.<\/p>\t\t\t\t\t\t\t\t<\/div>\n\t\t\t\t<\/div>\n\t\t\t\t<\/div>\n\t\t\t\t<\/div>\n\t\t","protected":false},"excerpt":{"rendered":"<p>Table of contents LEGAL NOTICE Users El acceso y\/o uso de este portal de FERNANDEZ JOVE, S.A. atribuye la condici\u00f3n de USUARIO, que acepta, desde dicho acceso y\/o uso, las Condiciones Generales de Uso aqu\u00ed reflejadas. Las citadas Condiciones ser\u00e1n de aplicaci\u00f3n independientemente de las Condiciones Generales de Contrataci\u00f3n que en su caso resulten de [&hellip;]<\/p>\n","protected":false},"author":1,"featured_media":0,"parent":0,"menu_order":0,"comment_status":"closed","ping_status":"closed","template":"","meta":{"footnotes":""},"class_list":["post-1908","page","type-page","status-publish","hentry"],"yoast_head":"<!-- This site is optimized with the Yoast SEO Premium plugin v26.9 (Yoast SEO v26.9) - https:\/\/yoast.com\/product\/yoast-seo-premium-wordpress\/ -->\n<title>Legal notice - Jove Group<\/title>\n<meta name=\"robots\" content=\"index, follow, max-snippet:-1, max-image-preview:large, max-video-preview:-1\" \/>\n<link rel=\"canonical\" href=\"https:\/\/jovegroup.com\/en\/legal-notice\/\" \/>\n<meta property=\"og:locale\" content=\"en_US\" \/>\n<meta property=\"og:type\" content=\"article\" \/>\n<meta property=\"og:title\" content=\"Legal notice\" \/>\n<meta property=\"og:description\" content=\"Table of contents LEGAL NOTICE Users El acceso y\/o uso de este portal de FERNANDEZ JOVE, S.A. atribuye la condici\u00f3n de USUARIO, que acepta, desde dicho acceso y\/o uso, las Condiciones Generales de Uso aqu\u00ed reflejadas. Las citadas Condiciones ser\u00e1n de aplicaci\u00f3n independientemente de las Condiciones Generales de Contrataci\u00f3n que en su caso resulten de [&hellip;]\" \/>\n<meta property=\"og:url\" content=\"https:\/\/jovegroup.com\/en\/legal-notice\/\" \/>\n<meta property=\"og:site_name\" content=\"Jove Group\" \/>\n<meta property=\"article:modified_time\" content=\"2026-04-28T07:37:15+00:00\" \/>\n<meta name=\"twitter:card\" content=\"summary_large_image\" \/>\n<meta name=\"twitter:label1\" content=\"Est. reading time\" \/>\n\t<meta name=\"twitter:data1\" content=\"6 minutes\" \/>\n<script type=\"application\/ld+json\" class=\"yoast-schema-graph\">{\"@context\":\"https:\/\/schema.org\",\"@graph\":[{\"@type\":\"WebPage\",\"@id\":\"https:\/\/jovegroup.com\/en\/legal-notice\/\",\"url\":\"https:\/\/jovegroup.com\/en\/legal-notice\/\",\"name\":\"Legal notice - Jove Group\",\"isPartOf\":{\"@id\":\"https:\/\/jovegroup.com\/en\/#website\"},\"datePublished\":\"2026-02-18T08:09:59+00:00\",\"dateModified\":\"2026-04-28T07:37:15+00:00\",\"breadcrumb\":{\"@id\":\"https:\/\/jovegroup.com\/en\/legal-notice\/#breadcrumb\"},\"inLanguage\":\"en-US\",\"potentialAction\":[{\"@type\":\"ReadAction\",\"target\":[\"https:\/\/jovegroup.com\/en\/legal-notice\/\"]}]},{\"@type\":\"BreadcrumbList\",\"@id\":\"https:\/\/jovegroup.com\/en\/legal-notice\/#breadcrumb\",\"itemListElement\":[{\"@type\":\"ListItem\",\"position\":1,\"name\":\"Portada\",\"item\":\"https:\/\/jovegroup.com\/en\/jove-group\/\"},{\"@type\":\"ListItem\",\"position\":2,\"name\":\"Legal notice\"}]},{\"@type\":\"WebSite\",\"@id\":\"https:\/\/jovegroup.com\/en\/#website\",\"url\":\"https:\/\/jovegroup.com\/en\/\",\"name\":\"Jove Group\",\"description\":\"\",\"publisher\":{\"@id\":\"https:\/\/jovegroup.com\/en\/#organization\"},\"potentialAction\":[{\"@type\":\"SearchAction\",\"target\":{\"@type\":\"EntryPoint\",\"urlTemplate\":\"https:\/\/jovegroup.com\/en\/?s={search_term_string}\"},\"query-input\":{\"@type\":\"PropertyValueSpecification\",\"valueRequired\":true,\"valueName\":\"search_term_string\"}}],\"inLanguage\":\"en-US\"},{\"@type\":\"Organization\",\"@id\":\"https:\/\/jovegroup.com\/en\/#organization\",\"name\":\"Jove Group\",\"url\":\"https:\/\/jovegroup.com\/en\/\",\"logo\":{\"@type\":\"ImageObject\",\"inLanguage\":\"en-US\",\"@id\":\"https:\/\/jovegroup.com\/en\/#\/schema\/logo\/image\/\",\"url\":\"https:\/\/jovegroup.com\/wp-content\/uploads\/2026\/02\/Jove-logo.png\",\"contentUrl\":\"https:\/\/jovegroup.com\/wp-content\/uploads\/2026\/02\/Jove-logo.png\",\"width\":2481,\"height\":1028,\"caption\":\"Jove Group\"},\"image\":{\"@id\":\"https:\/\/jovegroup.com\/en\/#\/schema\/logo\/image\/\"}}]}<\/script>\n<!-- \/ Yoast SEO Premium plugin. -->","yoast_head_json":{"title":"Legal notice - Jove Group","robots":{"index":"index","follow":"follow","max-snippet":"max-snippet:-1","max-image-preview":"max-image-preview:large","max-video-preview":"max-video-preview:-1"},"canonical":"https:\/\/jovegroup.com\/en\/legal-notice\/","og_locale":"en_US","og_type":"article","og_title":"Legal notice","og_description":"Table of contents LEGAL NOTICE Users El acceso y\/o uso de este portal de FERNANDEZ JOVE, S.A. atribuye la condici\u00f3n de USUARIO, que acepta, desde dicho acceso y\/o uso, las Condiciones Generales de Uso aqu\u00ed reflejadas. Las citadas Condiciones ser\u00e1n de aplicaci\u00f3n independientemente de las Condiciones Generales de Contrataci\u00f3n que en su caso resulten de [&hellip;]","og_url":"https:\/\/jovegroup.com\/en\/legal-notice\/","og_site_name":"Jove Group","article_modified_time":"2026-04-28T07:37:15+00:00","twitter_card":"summary_large_image","twitter_misc":{"Est. reading time":"6 minutes"},"schema":{"@context":"https:\/\/schema.org","@graph":[{"@type":"WebPage","@id":"https:\/\/jovegroup.com\/en\/legal-notice\/","url":"https:\/\/jovegroup.com\/en\/legal-notice\/","name":"Legal notice - Jove Group","isPartOf":{"@id":"https:\/\/jovegroup.com\/en\/#website"},"datePublished":"2026-02-18T08:09:59+00:00","dateModified":"2026-04-28T07:37:15+00:00","breadcrumb":{"@id":"https:\/\/jovegroup.com\/en\/legal-notice\/#breadcrumb"},"inLanguage":"en-US","potentialAction":[{"@type":"ReadAction","target":["https:\/\/jovegroup.com\/en\/legal-notice\/"]}]},{"@type":"BreadcrumbList","@id":"https:\/\/jovegroup.com\/en\/legal-notice\/#breadcrumb","itemListElement":[{"@type":"ListItem","position":1,"name":"Portada","item":"https:\/\/jovegroup.com\/en\/jove-group\/"},{"@type":"ListItem","position":2,"name":"Legal notice"}]},{"@type":"WebSite","@id":"https:\/\/jovegroup.com\/en\/#website","url":"https:\/\/jovegroup.com\/en\/","name":"Jove Group","description":"","publisher":{"@id":"https:\/\/jovegroup.com\/en\/#organization"},"potentialAction":[{"@type":"SearchAction","target":{"@type":"EntryPoint","urlTemplate":"https:\/\/jovegroup.com\/en\/?s={search_term_string}"},"query-input":{"@type":"PropertyValueSpecification","valueRequired":true,"valueName":"search_term_string"}}],"inLanguage":"en-US"},{"@type":"Organization","@id":"https:\/\/jovegroup.com\/en\/#organization","name":"Jove Group","url":"https:\/\/jovegroup.com\/en\/","logo":{"@type":"ImageObject","inLanguage":"en-US","@id":"https:\/\/jovegroup.com\/en\/#\/schema\/logo\/image\/","url":"https:\/\/jovegroup.com\/wp-content\/uploads\/2026\/02\/Jove-logo.png","contentUrl":"https:\/\/jovegroup.com\/wp-content\/uploads\/2026\/02\/Jove-logo.png","width":2481,"height":1028,"caption":"Jove Group"},"image":{"@id":"https:\/\/jovegroup.com\/en\/#\/schema\/logo\/image\/"}}]}},"_links":{"self":[{"href":"https:\/\/jovegroup.com\/en\/wp-json\/wp\/v2\/pages\/1908","targetHints":{"allow":["GET"]}}],"collection":[{"href":"https:\/\/jovegroup.com\/en\/wp-json\/wp\/v2\/pages"}],"about":[{"href":"https:\/\/jovegroup.com\/en\/wp-json\/wp\/v2\/types\/page"}],"author":[{"embeddable":true,"href":"https:\/\/jovegroup.com\/en\/wp-json\/wp\/v2\/users\/1"}],"replies":[{"embeddable":true,"href":"https:\/\/jovegroup.com\/en\/wp-json\/wp\/v2\/comments?post=1908"}],"version-history":[{"count":1,"href":"https:\/\/jovegroup.com\/en\/wp-json\/wp\/v2\/pages\/1908\/revisions"}],"predecessor-version":[{"id":1909,"href":"https:\/\/jovegroup.com\/en\/wp-json\/wp\/v2\/pages\/1908\/revisions\/1909"}],"wp:attachment":[{"href":"https:\/\/jovegroup.com\/en\/wp-json\/wp\/v2\/media?parent=1908"}],"curies":[{"name":"wp","href":"https:\/\/api.w.org\/{rel}","templated":true}]}}