{"id":1601,"date":"2026-02-18T09:08:53","date_gmt":"2026-02-18T08:08:53","guid":{"rendered":"https:\/\/jovegroup.com\/global-presence\/offices\/"},"modified":"2026-05-07T09:58:43","modified_gmt":"2026-05-07T07:58:43","slug":"find-us","status":"publish","type":"page","link":"https:\/\/jovegroup.com\/en\/global-presence\/find-us\/","title":{"rendered":"Find Us"},"content":{"rendered":"\t\t<div data-elementor-type=\"wp-page\" data-elementor-id=\"1601\" class=\"elementor elementor-1601 elementor-178\" data-elementor-post-type=\"page\">\n\t\t\t\t<div class=\"elementor-element elementor-element-1293738 e-con-full e-flex e-con e-parent\" data-id=\"1293738\" data-element_type=\"container\" data-e-type=\"container\" data-settings=\"{&quot;background_background&quot;:&quot;classic&quot;,&quot;shape_divider_bottom&quot;:&quot;waves&quot;}\">\n\t\t\t\t<div class=\"elementor-shape elementor-shape-bottom\" aria-hidden=\"true\" data-negative=\"false\">\n\t\t\t<svg xmlns=\"http:\/\/www.w3.org\/2000\/svg\" viewBox=\"0 0 1000 100\" preserveAspectRatio=\"none\">\n\t<path class=\"elementor-shape-fill\" d=\"M421.9,6.5c22.6-2.5,51.5,0.4,75.5,5.3c23.6,4.9,70.9,23.5,100.5,35.7c75.8,32.2,133.7,44.5,192.6,49.7\n\tc23.6,2.1,48.7,3.5,103.4-2.5c54.7-6,106.2-25.6,106.2-25.6V0H0v30.3c0,0,72,32.6,158.4,30.5c39.2-0.7,92.8-6.7,134-22.4\n\tc21.2-8.1,52.2-18.2,79.7-24.2C399.3,7.9,411.6,7.5,421.9,6.5z\"\/>\n<\/svg>\t\t<\/div>\n\t\t\t\t<div class=\"elementor-element elementor-element-0b1279f elementor-widget elementor-widget-heading\" data-id=\"0b1279f\" data-element_type=\"widget\" data-e-type=\"widget\" data-widget_type=\"heading.default\">\n\t\t\t\t\t<h1 class=\"elementor-heading-title elementor-size-default\">Jove Group Offices<\/h1>\t\t\t\t<\/div>\n\t\t\t\t<div class=\"elementor-element elementor-element-1efd346 elementor-widget elementor-widget-text-editor\" data-id=\"1efd346\" data-element_type=\"widget\" data-e-type=\"widget\" data-widget_type=\"text-editor.default\">\n\t\t\t\t\t\t\t\t\t<p>More than 50 years of experience in the industry have made us into a strong group, dynamic and constantly evolving.<\/p>\t\t\t\t\t\t\t\t<\/div>\n\t\t\t\t<\/div>\n\t\t<div class=\"elementor-element elementor-element-b288e95 e-con-full e-flex e-con e-parent\" data-id=\"b288e95\" data-element_type=\"container\" data-e-type=\"container\">\n\t\t\t\t<div class=\"elementor-element elementor-element-0b28090 elementor-widget elementor-widget-menu-anchor\" data-id=\"0b28090\" data-element_type=\"widget\" data-e-type=\"widget\" data-widget_type=\"menu-anchor.default\">\n\t\t\t\t\t\t\t<div class=\"elementor-menu-anchor\" id=\"oficinas\"><\/div>\n\t\t\t\t\t\t<\/div>\n\t\t\t\t<div class=\"elementor-element elementor-element-693a562 elementor-widget elementor-widget-heading\" data-id=\"693a562\" data-element_type=\"widget\" data-e-type=\"widget\" data-widget_type=\"heading.default\">\n\t\t\t\t\t<h2 class=\"elementor-heading-title elementor-size-default\">Our locations<\/h2>\t\t\t\t<\/div>\n\t\t<div class=\"elementor-element elementor-element-8b418e4 e-con-full e-flex e-con e-child\" data-id=\"8b418e4\" data-element_type=\"container\" data-e-type=\"container\">\n\t\t<div class=\"elementor-element elementor-element-200b1df e-con-full e-flex e-con e-child\" data-id=\"200b1df\" data-element_type=\"container\" data-e-type=\"container\" data-settings=\"{&quot;background_background&quot;:&quot;classic&quot;}\">\n\t\t\t\t<div class=\"elementor-element elementor-element-624f606 elementor-widget elementor-widget-text-editor\" data-id=\"624f606\" data-element_type=\"widget\" data-e-type=\"widget\" data-widget_type=\"text-editor.default\">\n\t\t\t\t\t\t\t\t\t<p>FACTORY AND HEAD OFFICE HEADQUARTERS<\/p>\t\t\t\t\t\t\t\t<\/div>\n\t\t\t\t<div class=\"elementor-element elementor-element-068e2d8 elementor-widget elementor-widget-text-editor\" data-id=\"068e2d8\" data-element_type=\"widget\" data-e-type=\"widget\" data-widget_type=\"text-editor.default\">\n\t\t\t\t\t\t\t\t\t<p>P.E. Tanos \u2013 Vi\u00e9rnoles<br>Calle La Espina, 44<br>39300 \u2013 Torrelavega (Cantabria) Espa\u00f1a<\/p><p><strong>Email:<\/strong> <a href=\"mailto:fjsales@fjove.com\">fjsales@fjove.com<\/a><br><strong>Tel:<\/strong> <a href=\"tel:+%2034%20942%2089%2027%2029\">+ 34 942 89 27 39<\/a><\/p>\t\t\t\t\t\t\t\t<\/div>\n\t\t\t\t<\/div>\n\t\t<div class=\"elementor-element elementor-element-08741b5 e-con-full e-flex e-con e-child\" data-id=\"08741b5\" data-element_type=\"container\" data-e-type=\"container\" data-settings=\"{&quot;background_background&quot;:&quot;classic&quot;}\">\n\t\t\t\t<div class=\"elementor-element elementor-element-df03f84 elementor-widget elementor-widget-text-editor\" data-id=\"df03f84\" data-element_type=\"widget\" data-e-type=\"widget\" data-widget_type=\"text-editor.default\">\n\t\t\t\t\t\t\t\t\t<p>Ferrol Office<\/p>\t\t\t\t\t\t\t\t<\/div>\n\t\t\t\t<div class=\"elementor-element elementor-element-7338153 elementor-widget elementor-widget-text-editor\" data-id=\"7338153\" data-element_type=\"widget\" data-e-type=\"widget\" data-widget_type=\"text-editor.default\">\n\t\t\t\t\t\t\t\t\t<p>Pol\u00edgono Industrial R\u00edo Do Pozo<br>R\u00faa Arrieiros, Parcela 19<br>15578 \u2013 Nar\u00f3n (A coru\u00f1a \u2013 Galicia) Espa\u00f1a<\/p><p><strong>Email:<\/strong> <a href=\"mailto:fjsales@fjove.com\">fjsales@fjove.com<\/a><br><strong>Tel:<\/strong> <a href=\"tel:+%2034%20981%2035%2011%2022\">+ 34 981 35 11 22<\/a><\/p>\t\t\t\t\t\t\t\t<\/div>\n\t\t\t\t<\/div>\n\t\t<div class=\"elementor-element elementor-element-5536667 e-con-full e-flex e-con e-child\" data-id=\"5536667\" data-element_type=\"container\" data-e-type=\"container\" data-settings=\"{&quot;background_background&quot;:&quot;classic&quot;}\">\n\t\t\t\t<div class=\"elementor-element elementor-element-00fa584 elementor-widget elementor-widget-text-editor\" data-id=\"00fa584\" data-element_type=\"widget\" data-e-type=\"widget\" data-widget_type=\"text-editor.default\">\n\t\t\t\t\t\t\t\t\t<p>C\u00c1DIZ OFFICE<\/p>\t\t\t\t\t\t\t\t<\/div>\n\t\t\t\t<div class=\"elementor-element elementor-element-a0a1ba1 elementor-widget elementor-widget-text-editor\" data-id=\"a0a1ba1\" data-element_type=\"widget\" data-e-type=\"widget\" data-widget_type=\"text-editor.default\">\n\t\t\t\t\t\t\t\t\t<p>Pol\u00edgono Industrial Fadricas<br>C\/ Ferrocarril, 30-31<br>11100 \u2013 San Fernando (C\u00e1diz \u2013 Andaluc\u00eda) Espa\u00f1a<\/p><p><strong>Email:<\/strong> <a href=\"mailto:fjsales@fjove.com\">fjsales@fjove.com<\/a><br><strong>Tel:<\/strong> <a href=\"tel:+%2034%20956%2089%2026%2090\">+ 34 956 89 26 90<\/a><\/p>\t\t\t\t\t\t\t\t<\/div>\n\t\t\t\t<\/div>\n\t\t<div class=\"elementor-element elementor-element-88fdfa2 e-con-full e-flex e-con e-child\" data-id=\"88fdfa2\" data-element_type=\"container\" data-e-type=\"container\" data-settings=\"{&quot;background_background&quot;:&quot;classic&quot;}\">\n\t\t\t\t<div class=\"elementor-element elementor-element-96e4415 elementor-widget elementor-widget-text-editor\" data-id=\"96e4415\" data-element_type=\"widget\" data-e-type=\"widget\" data-widget_type=\"text-editor.default\">\n\t\t\t\t\t\t\t\t\t<p>MADRID OFFICE<\/p>\t\t\t\t\t\t\t\t<\/div>\n\t\t\t\t<div class=\"elementor-element elementor-element-c1441a9 elementor-widget elementor-widget-text-editor\" data-id=\"c1441a9\" data-element_type=\"widget\" data-e-type=\"widget\" data-widget_type=\"text-editor.default\">\n\t\t\t\t\t\t\t\t\t<p>Carretera Madrid-Toledo, Km. 8<br>28916 \u2013 Legan\u00e9s, Madrid, Espa\u00f1a<\/p><p><strong>Email:<\/strong> <a href=\"mailto:fjsales@fjove.com\">fjsales@fjove.com<\/a><br><strong>Tel:<\/strong> <a href=\"tel:+%2034%20942%2089%2027%2029\">+ 34 942 89 27 39<\/a><\/p>\t\t\t\t\t\t\t\t<\/div>\n\t\t\t\t<\/div>\n\t\t\t\t<\/div>\n\t\t<div class=\"elementor-element elementor-element-0c94c33 e-con-full e-flex e-con e-child\" data-id=\"0c94c33\" data-element_type=\"container\" data-e-type=\"container\">\n\t\t<div class=\"elementor-element elementor-element-b920a91 e-con-full e-flex e-con e-child\" data-id=\"b920a91\" data-element_type=\"container\" data-e-type=\"container\" data-settings=\"{&quot;background_background&quot;:&quot;classic&quot;}\">\n\t\t\t\t<div class=\"elementor-element elementor-element-86cc7da elementor-widget elementor-widget-text-editor\" data-id=\"86cc7da\" data-element_type=\"widget\" data-e-type=\"widget\" data-widget_type=\"text-editor.default\">\n\t\t\t\t\t\t\t\t\t<p>ITALY OFFICE<\/p>\t\t\t\t\t\t\t\t<\/div>\n\t\t\t\t<div class=\"elementor-element elementor-element-a3df246 elementor-widget elementor-widget-text-editor\" data-id=\"a3df246\" data-element_type=\"widget\" data-e-type=\"widget\" data-widget_type=\"text-editor.default\">\n\t\t\t\t\t\t\t\t\t<div data-id=\"8bc046b\" data-element_type=\"widget\" data-e-type=\"widget\" data-widget_type=\"heading.default\">Galleria Protti 3<br>34121 Trieste<br>Italia<\/div><div data-id=\"8bc046b\" data-element_type=\"widget\" data-e-type=\"widget\" data-widget_type=\"heading.default\"> <\/div><div data-id=\"8bc046b\" data-element_type=\"widget\" data-e-type=\"widget\" data-widget_type=\"heading.default\"><strong>Email:<\/strong> <a href=\"mailto:fjsales@fjove.com\">fjsales@fjove.com<\/a><br><strong>Tel:<\/strong> <a href=\"tel:+39%20040%20660%20550\">+39 040 660 550<\/a><\/div>\t\t\t\t\t\t\t\t<\/div>\n\t\t\t\t<\/div>\n\t\t<div class=\"elementor-element elementor-element-6dee7e5 e-con-full e-flex e-con e-child\" data-id=\"6dee7e5\" data-element_type=\"container\" data-e-type=\"container\" data-settings=\"{&quot;background_background&quot;:&quot;classic&quot;}\">\n\t\t\t\t<div class=\"elementor-element elementor-element-0b6c7f7 elementor-widget elementor-widget-text-editor\" data-id=\"0b6c7f7\" data-element_type=\"widget\" data-e-type=\"widget\" data-widget_type=\"text-editor.default\">\n\t\t\t\t\t\t\t\t\tCHINESE OFFICE\t\t\t\t\t\t\t\t<\/div>\n\t\t\t\t<div class=\"elementor-element elementor-element-6b5f549 elementor-widget elementor-widget-text-editor\" data-id=\"6b5f549\" data-element_type=\"widget\" data-e-type=\"widget\" data-widget_type=\"text-editor.default\">\n\t\t\t\t\t\t\t\t\t<div data-id=\"8bc046b\" data-element_type=\"widget\" data-e-type=\"widget\" data-widget_type=\"heading.default\">Room 501-7, Block B, Qingdao Inspur Big Data Industrial Park, No.17 Anshan Road <\/div><div data-id=\"422543b\" data-element_type=\"widget\" data-e-type=\"widget\" data-widget_type=\"text-editor.default\"><div>Shibei District, Qingdao City, Shandong<br>China<\/div><div> <\/div><div><strong>Email:<\/strong> <a href=\"mailto:fjsales@fjove.com\">fjsales@fjove.com<\/a><br><strong>Tel:<\/strong> <a href=\"tel:+86%20131%205621%205563\">+86 131 5621 5563<\/a><\/div><\/div>\t\t\t\t\t\t\t\t<\/div>\n\t\t\t\t<\/div>\n\t\t<div class=\"elementor-element elementor-element-d30140e e-con-full e-flex e-con e-child\" data-id=\"d30140e\" data-element_type=\"container\" data-e-type=\"container\" data-settings=\"{&quot;background_background&quot;:&quot;classic&quot;}\">\n\t\t\t\t<div class=\"elementor-element elementor-element-d04d7e6 elementor-widget elementor-widget-text-editor\" data-id=\"d04d7e6\" data-element_type=\"widget\" data-e-type=\"widget\" data-widget_type=\"text-editor.default\">\n\t\t\t\t\t\t\t\t\t<p>UK OFFICE<\/p>\t\t\t\t\t\t\t\t<\/div>\n\t\t\t\t<div class=\"elementor-element elementor-element-6e01645 elementor-widget elementor-widget-text-editor\" data-id=\"6e01645\" data-element_type=\"widget\" data-e-type=\"widget\" data-widget_type=\"text-editor.default\">\n\t\t\t\t\t\t\t\t\t<p>Atlantic Business Centre<br>Atlantic Street, Broadheath<br>Altrincham WA14 5NQ<br>UK<\/p><p><strong>Email:<\/strong> <a href=\"mailto:fjsales@fjove.com\">fjsales@fjove.com<\/a><br><strong>Tel:<\/strong> <a href=\"tel:+44%20074%20589%20728%2067\">+44 074 589 728 67<\/a><\/p>\t\t\t\t\t\t\t\t<\/div>\n\t\t\t\t<\/div>\n\t\t<div class=\"elementor-element elementor-element-57ca2b5 e-con-full e-flex e-con e-child\" data-id=\"57ca2b5\" data-element_type=\"container\" data-e-type=\"container\" data-settings=\"{&quot;background_background&quot;:&quot;classic&quot;}\">\n\t\t\t\t<div class=\"elementor-element elementor-element-d8b9c56 elementor-widget elementor-widget-text-editor\" data-id=\"d8b9c56\" data-element_type=\"widget\" data-e-type=\"widget\" data-widget_type=\"text-editor.default\">\n\t\t\t\t\t\t\t\t\t<p>OFICINA ORIENTE MEDIO<\/p>\t\t\t\t\t\t\t\t<\/div>\n\t\t\t\t<div class=\"elementor-element elementor-element-512171a elementor-widget elementor-widget-text-editor\" data-id=\"512171a\" data-element_type=\"widget\" data-e-type=\"widget\" data-widget_type=\"text-editor.default\">\n\t\t\t\t\t\t\t\t\t<div data-id=\"d6aad53\" data-element_type=\"widget\" data-e-type=\"widget\" data-widget_type=\"heading.default\"><div><p>Office 11, 2nd Floor, Hanging Garden Tower Hamdan Street, Abu Dhabi, <span style=\"font-family: -apple-system, BlinkMacSystemFont, 'Segoe UI', Roboto, 'Helvetica Neue', Arial, 'Noto Sans', sans-serif, 'Apple Color Emoji', 'Segoe UI Emoji', 'Segoe UI Symbol', 'Noto Color Emoji';\">United Arab Emirates<\/span><\/p><\/div><\/div><div class=\"elementor-element elementor-element-927aa15 elementor-widget elementor-widget-text-editor\" data-id=\"927aa15\" data-element_type=\"widget\" data-e-type=\"widget\" data-widget_type=\"text-editor.default\"><div class=\"elementor-widget-container\"><p><span style=\"color: #ffffff;\"><strong>Email:<\/strong><\/span> <a href=\"mailto:fjsales@fjove.com\">fjsales@fjove.com<\/a><strong><br><span style=\"color: #ffffff;\">Tel:<\/span><\/strong> <a class=\"distribuidores-espana-telefono\" href=\"tel:%20+971585992739\">+97 1585 99 27 39<\/a><\/p><\/div><\/div>\t\t\t\t\t\t\t\t<\/div>\n\t\t\t\t<\/div>\n\t\t\t\t<\/div>\n\t\t\t\t<div class=\"elementor-element elementor-element-16b0351 elementor-widget elementor-widget-heading\" data-id=\"16b0351\" data-element_type=\"widget\" data-e-type=\"widget\" data-widget_type=\"heading.default\">\n\t\t\t\t\t<h2 class=\"elementor-heading-title elementor-size-default\">Centros de reparaci\u00f3n<\/h2>\t\t\t\t<\/div>\n\t\t<div class=\"elementor-element elementor-element-32bca9a e-con-full e-flex e-con e-child\" data-id=\"32bca9a\" data-element_type=\"container\" data-e-type=\"container\">\n\t\t<div class=\"elementor-element elementor-element-f4f9000 e-con-full e-flex e-con e-child\" data-id=\"f4f9000\" data-element_type=\"container\" data-e-type=\"container\" data-settings=\"{&quot;background_background&quot;:&quot;classic&quot;}\">\n\t\t\t\t<div class=\"elementor-element elementor-element-dda06fb elementor-widget elementor-widget-text-editor\" data-id=\"dda06fb\" data-element_type=\"widget\" data-e-type=\"widget\" data-widget_type=\"text-editor.default\">\n\t\t\t\t\t\t\t\t\t<p>AUSTRALIA<\/p>\t\t\t\t\t\t\t\t<\/div>\n\t\t\t\t<div class=\"elementor-element elementor-element-8d7f6b2 elementor-widget elementor-widget-text-editor\" data-id=\"8d7f6b2\" data-element_type=\"widget\" data-e-type=\"widget\" data-widget_type=\"text-editor.default\">\n\t\t\t\t\t\t\t\t\t<p><strong>WA REPAIR CENTER &#8211; PROFLUID<\/strong><\/p><p><strong>PROFLUID Pty Ltd (Australia)<\/strong><\/p><p style=\"font-weight: 400;\">16 Fellowship Rd, Gnangara WA 6077, Australia<\/p><p style=\"font-weight: 400;\"><strong>NSW REPAIR CENTER &#8211; JPS<\/strong><\/p><p><strong>JPS Valves &amp; Service Pty Ltd<\/strong><\/p><p>5\/85 Newton Rd, Wetherill Park NSW 2164, Australia<\/p><p><strong>Email:<\/strong> <a title=\"\" href=\"mailto:fjsales@fjove.com\" target=\"\">fjsales@fjove.com<\/a><br><strong>Tel:<\/strong> <a title=\"\" href=\"tel:+34%20942%20892%20739\" target=\"\">+34 942 892 739<\/a><\/p>\t\t\t\t\t\t\t\t<\/div>\n\t\t\t\t<\/div>\n\t\t<div class=\"elementor-element elementor-element-d8d5d17 e-con-full e-flex e-con e-child\" data-id=\"d8d5d17\" data-element_type=\"container\" data-e-type=\"container\" data-settings=\"{&quot;background_background&quot;:&quot;classic&quot;}\">\n\t\t\t\t<div class=\"elementor-element elementor-element-6a50da3 elementor-widget elementor-widget-text-editor\" data-id=\"6a50da3\" data-element_type=\"widget\" data-e-type=\"widget\" data-widget_type=\"text-editor.default\">\n\t\t\t\t\t\t\t\t\t<p>NORWAY<\/p>\t\t\t\t\t\t\t\t<\/div>\n\t\t\t\t<div class=\"elementor-element elementor-element-89a80cb elementor-widget elementor-widget-text-editor\" data-id=\"89a80cb\" data-element_type=\"widget\" data-e-type=\"widget\" data-widget_type=\"text-editor.default\">\n\t\t\t\t\t\t\t\t\t<p><strong>SCANDINAVIAN REPAIR CENTER &#8211; MENTO<\/strong><\/p><p style=\"font-weight: 400;\">Kontinentalveien 22<br>4098 Tananger<br>Norway<\/p><p style=\"font-weight: 400;\"><strong>Email:<\/strong> <a href=\"mailto:post@mento.no\">post@mento.no<\/a><br><strong>Tel:<\/strong> <a href=\"tel:+47%20481%2010%20300\">+47 481 10 300<\/a><\/p>\t\t\t\t\t\t\t\t<\/div>\n\t\t\t\t<\/div>\n\t\t<div class=\"elementor-element elementor-element-d56db27 e-con-full e-flex e-con e-child\" data-id=\"d56db27\" data-element_type=\"container\" data-e-type=\"container\" data-settings=\"{&quot;background_background&quot;:&quot;classic&quot;}\">\n\t\t\t\t<\/div>\n\t\t<div class=\"elementor-element elementor-element-a7ee4cb e-con-full e-flex e-con e-child\" data-id=\"a7ee4cb\" data-element_type=\"container\" data-e-type=\"container\" data-settings=\"{&quot;background_background&quot;:&quot;classic&quot;}\">\n\t\t\t\t<\/div>\n\t\t\t\t<\/div>\n\t\t\t\t<\/div>\n\t\t\t\t<\/div>\n\t\t","protected":false},"excerpt":{"rendered":"<p>Jove Group Offices More than 50 years of experience in the industry have made us into a strong group, dynamic and constantly evolving. Our locations FACTORY AND HEAD OFFICE HEADQUARTERS P.E. Tanos \u2013 Vi\u00e9rnolesCalle La Espina, 4439300 \u2013 Torrelavega (Cantabria) Espa\u00f1a Email: fjsales@fjove.comTel: + 34 942 89 27 39 Ferrol Office Pol\u00edgono Industrial R\u00edo Do [&hellip;]<\/p>\n","protected":false},"author":1,"featured_media":0,"parent":1592,"menu_order":0,"comment_status":"closed","ping_status":"closed","template":"","meta":{"footnotes":""},"class_list":["post-1601","page","type-page","status-publish","hentry"],"yoast_head":"<!-- This site is optimized with the Yoast SEO Premium plugin v26.9 (Yoast SEO v26.9) - https:\/\/yoast.com\/product\/yoast-seo-premium-wordpress\/ -->\n<title>Find Us - Jove Group<\/title>\n<meta name=\"robots\" content=\"index, follow, max-snippet:-1, max-image-preview:large, max-video-preview:-1\" \/>\n<link rel=\"canonical\" href=\"https:\/\/jovegroup.com\/en\/global-presence\/find-us\/\" \/>\n<meta property=\"og:locale\" content=\"en_US\" \/>\n<meta property=\"og:type\" content=\"article\" \/>\n<meta property=\"og:title\" content=\"Find Us\" \/>\n<meta property=\"og:description\" content=\"Jove Group Offices More than 50 years of experience in the industry have made us into a strong group, dynamic and constantly evolving. Our locations FACTORY AND HEAD OFFICE HEADQUARTERS P.E. Tanos \u2013 Vi\u00e9rnolesCalle La Espina, 4439300 \u2013 Torrelavega (Cantabria) Espa\u00f1a Email: fjsales@fjove.comTel: + 34 942 89 27 39 Ferrol Office Pol\u00edgono Industrial R\u00edo Do [&hellip;]\" \/>\n<meta property=\"og:url\" content=\"https:\/\/jovegroup.com\/en\/global-presence\/find-us\/\" \/>\n<meta property=\"og:site_name\" content=\"Jove Group\" \/>\n<meta property=\"article:modified_time\" content=\"2026-05-07T07:58:43+00:00\" \/>\n<meta name=\"twitter:card\" content=\"summary_large_image\" \/>\n<meta name=\"twitter:label1\" content=\"Est. reading time\" \/>\n\t<meta name=\"twitter:data1\" content=\"1 minute\" \/>\n<script type=\"application\/ld+json\" class=\"yoast-schema-graph\">{\"@context\":\"https:\/\/schema.org\",\"@graph\":[{\"@type\":\"WebPage\",\"@id\":\"https:\/\/jovegroup.com\/en\/global-presence\/find-us\/\",\"url\":\"https:\/\/jovegroup.com\/en\/global-presence\/find-us\/\",\"name\":\"Find Us - Jove Group\",\"isPartOf\":{\"@id\":\"https:\/\/jovegroup.com\/en\/#website\"},\"datePublished\":\"2026-02-18T08:08:53+00:00\",\"dateModified\":\"2026-05-07T07:58:43+00:00\",\"breadcrumb\":{\"@id\":\"https:\/\/jovegroup.com\/en\/global-presence\/find-us\/#breadcrumb\"},\"inLanguage\":\"en-US\",\"potentialAction\":[{\"@type\":\"ReadAction\",\"target\":[\"https:\/\/jovegroup.com\/en\/global-presence\/find-us\/\"]}]},{\"@type\":\"BreadcrumbList\",\"@id\":\"https:\/\/jovegroup.com\/en\/global-presence\/find-us\/#breadcrumb\",\"itemListElement\":[{\"@type\":\"ListItem\",\"position\":1,\"name\":\"Portada\",\"item\":\"https:\/\/jovegroup.com\/en\/jove-group\/\"},{\"@type\":\"ListItem\",\"position\":2,\"name\":\"Global reach\",\"item\":\"https:\/\/jovegroup.com\/en\/global-presence\/\"},{\"@type\":\"ListItem\",\"position\":3,\"name\":\"Find Us\"}]},{\"@type\":\"WebSite\",\"@id\":\"https:\/\/jovegroup.com\/en\/#website\",\"url\":\"https:\/\/jovegroup.com\/en\/\",\"name\":\"Jove Group\",\"description\":\"\",\"publisher\":{\"@id\":\"https:\/\/jovegroup.com\/en\/#organization\"},\"potentialAction\":[{\"@type\":\"SearchAction\",\"target\":{\"@type\":\"EntryPoint\",\"urlTemplate\":\"https:\/\/jovegroup.com\/en\/?s={search_term_string}\"},\"query-input\":{\"@type\":\"PropertyValueSpecification\",\"valueRequired\":true,\"valueName\":\"search_term_string\"}}],\"inLanguage\":\"en-US\"},{\"@type\":\"Organization\",\"@id\":\"https:\/\/jovegroup.com\/en\/#organization\",\"name\":\"Jove Group\",\"url\":\"https:\/\/jovegroup.com\/en\/\",\"logo\":{\"@type\":\"ImageObject\",\"inLanguage\":\"en-US\",\"@id\":\"https:\/\/jovegroup.com\/en\/#\/schema\/logo\/image\/\",\"url\":\"https:\/\/jovegroup.com\/wp-content\/uploads\/2026\/02\/Jove-logo.png\",\"contentUrl\":\"https:\/\/jovegroup.com\/wp-content\/uploads\/2026\/02\/Jove-logo.png\",\"width\":2481,\"height\":1028,\"caption\":\"Jove Group\"},\"image\":{\"@id\":\"https:\/\/jovegroup.com\/en\/#\/schema\/logo\/image\/\"}}]}<\/script>\n<!-- \/ Yoast SEO Premium plugin. -->","yoast_head_json":{"title":"Find Us - Jove Group","robots":{"index":"index","follow":"follow","max-snippet":"max-snippet:-1","max-image-preview":"max-image-preview:large","max-video-preview":"max-video-preview:-1"},"canonical":"https:\/\/jovegroup.com\/en\/global-presence\/find-us\/","og_locale":"en_US","og_type":"article","og_title":"Find Us","og_description":"Jove Group Offices More than 50 years of experience in the industry have made us into a strong group, dynamic and constantly evolving. Our locations FACTORY AND HEAD OFFICE HEADQUARTERS P.E. Tanos \u2013 Vi\u00e9rnolesCalle La Espina, 4439300 \u2013 Torrelavega (Cantabria) Espa\u00f1a Email: fjsales@fjove.comTel: + 34 942 89 27 39 Ferrol Office Pol\u00edgono Industrial R\u00edo Do [&hellip;]","og_url":"https:\/\/jovegroup.com\/en\/global-presence\/find-us\/","og_site_name":"Jove Group","article_modified_time":"2026-05-07T07:58:43+00:00","twitter_card":"summary_large_image","twitter_misc":{"Est. reading time":"1 minute"},"schema":{"@context":"https:\/\/schema.org","@graph":[{"@type":"WebPage","@id":"https:\/\/jovegroup.com\/en\/global-presence\/find-us\/","url":"https:\/\/jovegroup.com\/en\/global-presence\/find-us\/","name":"Find Us - Jove Group","isPartOf":{"@id":"https:\/\/jovegroup.com\/en\/#website"},"datePublished":"2026-02-18T08:08:53+00:00","dateModified":"2026-05-07T07:58:43+00:00","breadcrumb":{"@id":"https:\/\/jovegroup.com\/en\/global-presence\/find-us\/#breadcrumb"},"inLanguage":"en-US","potentialAction":[{"@type":"ReadAction","target":["https:\/\/jovegroup.com\/en\/global-presence\/find-us\/"]}]},{"@type":"BreadcrumbList","@id":"https:\/\/jovegroup.com\/en\/global-presence\/find-us\/#breadcrumb","itemListElement":[{"@type":"ListItem","position":1,"name":"Portada","item":"https:\/\/jovegroup.com\/en\/jove-group\/"},{"@type":"ListItem","position":2,"name":"Global reach","item":"https:\/\/jovegroup.com\/en\/global-presence\/"},{"@type":"ListItem","position":3,"name":"Find Us"}]},{"@type":"WebSite","@id":"https:\/\/jovegroup.com\/en\/#website","url":"https:\/\/jovegroup.com\/en\/","name":"Jove Group","description":"","publisher":{"@id":"https:\/\/jovegroup.com\/en\/#organization"},"potentialAction":[{"@type":"SearchAction","target":{"@type":"EntryPoint","urlTemplate":"https:\/\/jovegroup.com\/en\/?s={search_term_string}"},"query-input":{"@type":"PropertyValueSpecification","valueRequired":true,"valueName":"search_term_string"}}],"inLanguage":"en-US"},{"@type":"Organization","@id":"https:\/\/jovegroup.com\/en\/#organization","name":"Jove Group","url":"https:\/\/jovegroup.com\/en\/","logo":{"@type":"ImageObject","inLanguage":"en-US","@id":"https:\/\/jovegroup.com\/en\/#\/schema\/logo\/image\/","url":"https:\/\/jovegroup.com\/wp-content\/uploads\/2026\/02\/Jove-logo.png","contentUrl":"https:\/\/jovegroup.com\/wp-content\/uploads\/2026\/02\/Jove-logo.png","width":2481,"height":1028,"caption":"Jove Group"},"image":{"@id":"https:\/\/jovegroup.com\/en\/#\/schema\/logo\/image\/"}}]}},"_links":{"self":[{"href":"https:\/\/jovegroup.com\/en\/wp-json\/wp\/v2\/pages\/1601","targetHints":{"allow":["GET"]}}],"collection":[{"href":"https:\/\/jovegroup.com\/en\/wp-json\/wp\/v2\/pages"}],"about":[{"href":"https:\/\/jovegroup.com\/en\/wp-json\/wp\/v2\/types\/page"}],"author":[{"embeddable":true,"href":"https:\/\/jovegroup.com\/en\/wp-json\/wp\/v2\/users\/1"}],"replies":[{"embeddable":true,"href":"https:\/\/jovegroup.com\/en\/wp-json\/wp\/v2\/comments?post=1601"}],"version-history":[{"count":5,"href":"https:\/\/jovegroup.com\/en\/wp-json\/wp\/v2\/pages\/1601\/revisions"}],"predecessor-version":[{"id":2724,"href":"https:\/\/jovegroup.com\/en\/wp-json\/wp\/v2\/pages\/1601\/revisions\/2724"}],"up":[{"embeddable":true,"href":"https:\/\/jovegroup.com\/en\/wp-json\/wp\/v2\/pages\/1592"}],"wp:attachment":[{"href":"https:\/\/jovegroup.com\/en\/wp-json\/wp\/v2\/media?parent=1601"}],"curies":[{"name":"wp","href":"https:\/\/api.w.org\/{rel}","templated":true}]}}